{"id":79,"date":"2025-06-24T11:04:10","date_gmt":"2025-06-24T11:04:10","guid":{"rendered":"https:\/\/www.antalyahalikoltuktemizleme.com\/?page_id=79"},"modified":"2025-06-24T11:13:09","modified_gmt":"2025-06-24T11:13:09","slug":"hizmetlerimiz","status":"publish","type":"page","link":"https:\/\/www.antalyahalikoltuktemizleme.com\/?page_id=79","title":{"rendered":"Hizmetlerimiz"},"content":{"rendered":"\n<blockquote class=\"wp-block-quote is-layout-flow wp-block-quote-is-layout-flow\">\n<p><\/p>\n<\/blockquote>\n\n\n\n<p>Antika Hal\u0131 Y\u0131kama<\/p>\n\n\n\n<ul class=\"wp-block-list\">\n<li>Battaniye y\u0131kama<br><\/li>\n\n\n\n<li>El dokuma hal\u0131 tamiri<br><\/li>\n\n\n\n<li>Evde hal\u0131 y\u0131kama<br><\/li>\n\n\n\n<li>Hal\u0131 kurutma odas\u0131<br><\/li>\n\n\n\n<li>Hal\u0131 y\u0131kama a\u015famalar\u0131<br><\/li>\n\n\n\n<li>Hal\u0131fleks y\u0131kama<br><\/li>\n\n\n\n<li>Katlama perde y\u0131kama<br><\/li>\n\n\n\n<li>Kilim y\u0131kama<br><\/li>\n\n\n\n<li>Koltuk y\u0131kama<br><\/li>\n\n\n\n<li>Kuru temizleme<br><\/li>\n\n\n\n<li>Leke \u00e7\u0131karma<br><\/li>\n\n\n\n<li>Perde y\u0131kama<br><\/li>\n\n\n\n<li>Shaggy hal\u0131 y\u0131kama<br><\/li>\n\n\n\n<li>Step hal\u0131 y\u0131kama<br><\/li>\n\n\n\n<li>Stor perde y\u0131kama<br><\/li>\n\n\n\n<li>Yerinde hal\u0131 y\u0131kama<br><\/li>\n\n\n\n<li>Yorgan y\u0131kama<\/li>\n<\/ul>\n\n\n\n<p><\/p>\n\n\n\n<p><\/p>\n","protected":false},"excerpt":{"rendered":"<p>Antika Hal\u0131 Y\u0131kama<\/p>\n","protected":false},"author":1,"featured_media":0,"parent":0,"menu_order":0,"comment_status":"closed","ping_status":"closed","template":"","meta":{"footnotes":""},"class_list":["post-79","page","type-page","status-publish","hentry"],"_links":{"self":[{"href":"https:\/\/www.antalyahalikoltuktemizleme.com\/index.php?rest_route=\/wp\/v2\/pages\/79","targetHints":{"allow":["GET"]}}],"collection":[{"href":"https:\/\/www.antalyahalikoltuktemizleme.com\/index.php?rest_route=\/wp\/v2\/pages"}],"about":[{"href":"https:\/\/www.antalyahalikoltuktemizleme.com\/index.php?rest_route=\/wp\/v2\/types\/page"}],"author":[{"embeddable":true,"href":"https:\/\/www.antalyahalikoltuktemizleme.com\/index.php?rest_route=\/wp\/v2\/users\/1"}],"replies":[{"embeddable":true,"href":"https:\/\/www.antalyahalikoltuktemizleme.com\/index.php?rest_route=%2Fwp%2Fv2%2Fcomments&post=79"}],"version-history":[{"count":2,"href":"https:\/\/www.antalyahalikoltuktemizleme.com\/index.php?rest_route=\/wp\/v2\/pages\/79\/revisions"}],"predecessor-version":[{"id":87,"href":"https:\/\/www.antalyahalikoltuktemizleme.com\/index.php?rest_route=\/wp\/v2\/pages\/79\/revisions\/87"}],"wp:attachment":[{"href":"https:\/\/www.antalyahalikoltuktemizleme.com\/index.php?rest_route=%2Fwp%2Fv2%2Fmedia&parent=79"}],"curies":[{"name":"wp","href":"https:\/\/api.w.org\/{rel}","templated":true}]}}